{"id":15,"date":"2023-04-17T20:21:23","date_gmt":"2023-04-17T20:21:23","guid":{"rendered":"https:\/\/www.tnocolombia.com\/artesanias\/home\/"},"modified":"2024-06-17T02:44:01","modified_gmt":"2024-06-17T02:44:01","slug":"home","status":"publish","type":"page","link":"https:\/\/www.tnocolombia.com\/artesanias\/","title":{"rendered":"P\u00e1gina principal"},"content":{"rendered":"\n<h2 class=\"wp-block-heading\">Sombreros vueltiaos<\/h2>\n\n\n\n<figure class=\"wp-block-image alignleft size-full\"><img loading=\"lazy\" decoding=\"async\" width=\"150\" height=\"150\" src=\"https:\/\/www.tnocolombia.com\/artesanias\/wp-content\/uploads\/2023\/04\/sombrero-vueltiao-19-vueltas-precios-1.jpg\" alt=\"\" class=\"wp-image-49\" srcset=\"https:\/\/www.tnocolombia.com\/artesanias\/wp-content\/uploads\/2023\/04\/sombrero-vueltiao-19-vueltas-precios-1.jpg 150w, https:\/\/www.tnocolombia.com\/artesanias\/wp-content\/uploads\/2023\/04\/sombrero-vueltiao-19-vueltas-precios-1-100x100.jpg 100w\" sizes=\"(max-width: 150px) 100vw, 150px\" \/><\/figure>\n\n\n\n<p>Ofrecemos los sombreros vueltiaos 12,15,17,19,21,23 y 27 Vueltas originales de comunidad ind\u00edgena de Tuchin garantizando su calidad y garant\u00eda para para todos los prospectos y clientes que nos hacen pedidos.   Ofrecemos este producto al por mayor para negocios para que los clientes surtan sus tiendas de artesan\u00edas en las diferentes ciudades de Colombia.   <\/p>\n\n\n\n<p>Vendemos por unidades y al por mayor para negocios a partir de 6 unidades, el envi\u00f3 es totalmente gratis.  Tenemos un gran descuento cuando nos hacen pedidos para negocios.  Cuando el pedido esta por debajo de las 6 unidades el costo del envi\u00f3 es compartido entre el cliente y nuestra tienda.  <\/p>\n\n\n\n<h2 class=\"wp-block-heading\">Bolsos en Ca\u00f1a flecha precios<\/h2>\n\n\n\n<figure class=\"wp-block-image alignleft size-thumbnail\"><img loading=\"lazy\" decoding=\"async\" width=\"150\" height=\"149\" src=\"https:\/\/www.tnocolombia.com\/artesanias\/wp-content\/uploads\/2023\/04\/bolsos-en-cana-flecha-originales-precios-150x149.jpg\" alt=\"\" class=\"wp-image-68\" srcset=\"https:\/\/www.tnocolombia.com\/artesanias\/wp-content\/uploads\/2023\/04\/bolsos-en-cana-flecha-originales-precios-150x149.jpg 150w, https:\/\/www.tnocolombia.com\/artesanias\/wp-content\/uploads\/2023\/04\/bolsos-en-cana-flecha-originales-precios-100x100.jpg 100w\" sizes=\"(max-width: 150px) 100vw, 150px\" \/><\/figure>\n\n\n\n<p>Ofrecemos todo tipo de bolsos en ca\u00f1a flecha para que distribuyas en tu negocio, obteniendo, para quienes nos compran al por mayor y por unidades para uso personal ofreci\u00e9ndoles un mejor precio con bolsos originales que fabricamos en nuestra artesan\u00edas que fabrica las mejores mochilas en ca\u00f1a flecha.<\/p>\n\n\n\n<p>Ofrecemos por unidades a precios justos los bolsos en ca\u00f1a flecha y al por mayor a partir de 6 unidades obtendr\u00e1s un gran descuento. Ofrecemos diferentes modelos de los bolsos en ca\u00f1a flecha a nuestros clientes, un negocio que se le puede sacar provecho ya que las artesan\u00edas de este tipo de producto son uno de los mas solicitados que tenemos en nuestra tienda llegando a todas las ciudades de Colombia.<\/p>\n\n\n\n<h2 class=\"wp-block-heading\">Mochilas en wayuu originales<\/h2>\n\n\n\n<figure class=\"wp-block-image alignleft size-full\"><img loading=\"lazy\" decoding=\"async\" width=\"150\" height=\"150\" src=\"https:\/\/www.tnocolombia.com\/artesanias\/wp-content\/uploads\/2023\/04\/mochilas-wayuu-originales-precios.jpg\" alt=\"\" class=\"wp-image-73\" srcset=\"https:\/\/www.tnocolombia.com\/artesanias\/wp-content\/uploads\/2023\/04\/mochilas-wayuu-originales-precios.jpg 150w, https:\/\/www.tnocolombia.com\/artesanias\/wp-content\/uploads\/2023\/04\/mochilas-wayuu-originales-precios-100x100.jpg 100w\" sizes=\"(max-width: 150px) 100vw, 150px\" \/><\/figure>\n\n\n\n<p>Ofrecemos para toda Colombia, las mochila wayuu, con los mejores precios por unidades y al por mayor para que los clientes que comercializan y usan nuestros productos tengan una reducci\u00f3n en los costos. Cada producto que tenemos a la venta de la mochila wayuu en Colombia, hacemos los env\u00edos gratis despu\u00e9s de 6 unidades, para reducir los costos y de esta forma los clientes tengan una mayor utilidad por las ventas que hagan nuestros productos<strong>&nbsp;<\/strong>a los mejores precios de la mochila wayuu que muchos clientes requieren para negocios<\/p>\n\n\n\n<p>Hacemos los env\u00edos desde nuestra propia fabrica a toda Colombia, donde tenemos clientes que nos hacen pedidos. Cuando los clientes nos hacen pedidos al por mayor de la venta de mochila wayuu, le hacemos unos descuentos especiales, para quienes nos piden a partir de 6 unidades y tienen precios especiales para que surtan sus artesan\u00edas en las diferentes partes de pa\u00eds con precios ajustados para quienes compran para negocios que sean originales.<\/p>\n\n\n\n<h2 class=\"wp-block-heading\">Accesorios en Ca\u00f1a flecha<\/h2>\n\n\n\n<figure class=\"wp-block-image alignleft size-thumbnail\"><img loading=\"lazy\" decoding=\"async\" width=\"150\" height=\"150\" src=\"https:\/\/www.tnocolombia.com\/artesanias\/wp-content\/uploads\/2023\/04\/estuche-en-cana-flecha-tricolor-150x150.jpg\" alt=\"\" class=\"wp-image-124\" srcset=\"https:\/\/www.tnocolombia.com\/artesanias\/wp-content\/uploads\/2023\/04\/estuche-en-cana-flecha-tricolor-150x150.jpg 150w, https:\/\/www.tnocolombia.com\/artesanias\/wp-content\/uploads\/2023\/04\/estuche-en-cana-flecha-tricolor-100x100.jpg 100w\" sizes=\"(max-width: 150px) 100vw, 150px\" \/><\/figure>\n\n\n\n<p>frecemos los estuches para proteger los sombreros vueltiao, del maltrato y evitar el prematuro deterioro de los sombreros finos como el 19 y 21 vueltas con precios especiales. Estos estuches son fabricado con el mismo material de ca\u00f1a flecha. Tuchin C\u00f3rdoba, donde los ind\u00edgenas, siempre est\u00e1n innovando en busca de mejorar los productos derivados de la ca\u00f1a flecha.<\/p>\n\n\n\n<p><\/p>\n","protected":false},"excerpt":{"rendered":"<p>Sombreros vueltiaos Ofrecemos los sombreros vueltiaos 12,15,17,19,21,23 y 27 Vueltas originales de comunidad ind\u00edgena de Tuchin garantizando su calidad y garant\u00eda para para todos los prospectos y clientes que nos hacen pedidos. Ofrecemos este producto al por mayor para negocios para que los clientes surtan sus tiendas de artesan\u00edas en las diferentes ciudades de Colombia. [&hellip;]<\/p>\n","protected":false},"author":1,"featured_media":85,"parent":0,"menu_order":0,"comment_status":"closed","ping_status":"closed","template":"","meta":{"_coblocks_attr":"","_coblocks_dimensions":"","_coblocks_responsive_height":"","_coblocks_accordion_ie_support":"","site-sidebar-layout":"default","site-content-layout":"","ast-site-content-layout":"default","site-content-style":"default","site-sidebar-style":"default","ast-global-header-display":"","ast-banner-title-visibility":"","ast-main-header-display":"","ast-hfb-above-header-display":"","ast-hfb-below-header-display":"","ast-hfb-mobile-header-display":"","site-post-title":"","ast-breadcrumbs-content":"","ast-featured-img":"","footer-sml-layout":"","theme-transparent-header-meta":"","adv-header-id-meta":"","stick-header-meta":"","header-above-stick-meta":"","header-main-stick-meta":"","header-below-stick-meta":"","astra-migrate-meta-layouts":"set","ast-page-background-enabled":"default","ast-page-background-meta":{"desktop":{"background-color":"var(--ast-global-color-4)","background-image":"","background-repeat":"repeat","background-position":"center center","background-size":"auto","background-attachment":"scroll","background-type":"","background-media":"","overlay-type":"","overlay-color":"","overlay-opacity":"","overlay-gradient":""},"tablet":{"background-color":"","background-image":"","background-repeat":"repeat","background-position":"center center","background-size":"auto","background-attachment":"scroll","background-type":"","background-media":"","overlay-type":"","overlay-color":"","overlay-opacity":"","overlay-gradient":""},"mobile":{"background-color":"","background-image":"","background-repeat":"repeat","background-position":"center center","background-size":"auto","background-attachment":"scroll","background-type":"","background-media":"","overlay-type":"","overlay-color":"","overlay-opacity":"","overlay-gradient":""}},"ast-content-background-meta":{"desktop":{"background-color":"var(--ast-global-color-5)","background-image":"","background-repeat":"repeat","background-position":"center center","background-size":"auto","background-attachment":"scroll","background-type":"","background-media":"","overlay-type":"","overlay-color":"","overlay-opacity":"","overlay-gradient":""},"tablet":{"background-color":"var(--ast-global-color-5)","background-image":"","background-repeat":"repeat","background-position":"center center","background-size":"auto","background-attachment":"scroll","background-type":"","background-media":"","overlay-type":"","overlay-color":"","overlay-opacity":"","overlay-gradient":""},"mobile":{"background-color":"var(--ast-global-color-5)","background-image":"","background-repeat":"repeat","background-position":"center center","background-size":"auto","background-attachment":"scroll","background-type":"","background-media":"","overlay-type":"","overlay-color":"","overlay-opacity":"","overlay-gradient":""}},"footnotes":""},"_links":{"self":[{"href":"https:\/\/www.tnocolombia.com\/artesanias\/wp-json\/wp\/v2\/pages\/15"}],"collection":[{"href":"https:\/\/www.tnocolombia.com\/artesanias\/wp-json\/wp\/v2\/pages"}],"about":[{"href":"https:\/\/www.tnocolombia.com\/artesanias\/wp-json\/wp\/v2\/types\/page"}],"author":[{"embeddable":true,"href":"https:\/\/www.tnocolombia.com\/artesanias\/wp-json\/wp\/v2\/users\/1"}],"replies":[{"embeddable":true,"href":"https:\/\/www.tnocolombia.com\/artesanias\/wp-json\/wp\/v2\/comments?post=15"}],"version-history":[{"count":25,"href":"https:\/\/www.tnocolombia.com\/artesanias\/wp-json\/wp\/v2\/pages\/15\/revisions"}],"predecessor-version":[{"id":126,"href":"https:\/\/www.tnocolombia.com\/artesanias\/wp-json\/wp\/v2\/pages\/15\/revisions\/126"}],"wp:featuredmedia":[{"embeddable":true,"href":"https:\/\/www.tnocolombia.com\/artesanias\/wp-json\/wp\/v2\/media\/85"}],"wp:attachment":[{"href":"https:\/\/www.tnocolombia.com\/artesanias\/wp-json\/wp\/v2\/media?parent=15"}],"curies":[{"name":"wp","href":"https:\/\/api.w.org\/{rel}","templated":true}]}}