{"id":43,"date":"2023-04-18T03:45:36","date_gmt":"2023-04-18T03:45:36","guid":{"rendered":"https:\/\/www.tnocolombia.com\/artesanias\/?post_type=product&#038;p=43"},"modified":"2025-05-28T14:36:22","modified_gmt":"2025-05-28T14:36:22","slug":"19vueltas","status":"publish","type":"product","link":"https:\/\/www.tnocolombia.com\/artesanias\/producto\/19vueltas\/","title":{"rendered":"Sombrero vueltiao 19 vueltas precios"},"content":{"rendered":"<p>El sombrero vueltiao modelo 19 vuelta, uno de mas usado por la elite y altas personalidades, como deportistas, funcionarios y altos funcionarios de Colombia. Con un precio asequible al duro proceso de fabricaci\u00f3n y de grandes beneficio para comunidad del resguardo ind\u00edgena Zen\u00fa, ubicada en el municipio de Tuchin C\u00f3rdoba donde es originario este producto. El precios del sombrero vueltiao 19 vueltas, los tiene la nuestra artesan\u00eda ubicada en Tuchin C\u00f3rdoba, donde estamos ubicado y esta catalogada como la cuna del sombrero vueltiao.<\/p>\n<h1 data-start=\"215\" data-end=\"301\">Sombreros vueltiaos 19 vueltas original: tradici\u00f3n, estilo y calidad al mejor precio<\/h1>\n<p data-start=\"303\" data-end=\"672\">Los <strong data-start=\"307\" data-end=\"350\">sombreros vueltiaos 19 vueltas original<\/strong> son m\u00e1s que un simple accesorio. Representan la identidad cultural del pueblo Zen\u00fa, orgullo colombiano que ha trascendido fronteras. Elaborados con ca\u00f1a flecha, estos sombreros combinan tradici\u00f3n artesanal con elegancia, convirti\u00e9ndose en una prenda imprescindible tanto para ocasiones especiales como para el uso diario.<\/p>\n<p data-start=\"674\" data-end=\"878\">En este art\u00edculo te contaremos todo lo que necesitas saber sobre los <strong data-start=\"743\" data-end=\"786\">sombreros vueltiaos 19 vueltas original<\/strong>, sus precios, beneficios y c\u00f3mo puedes adquirir el tuyo directamente de artesanos expertos.<\/p>\n<h2 data-start=\"880\" data-end=\"931\">\u00bfQu\u00e9 significa que un sombrero tenga 19 vueltas?<\/h2>\n<p data-start=\"933\" data-end=\"1283\">El n\u00famero de vueltas hace referencia al patr\u00f3n de l\u00edneas oscuras y claras que forman los dise\u00f1os del sombrero. A mayor n\u00famero de vueltas, mayor complejidad y calidad en el tejido. Los <strong data-start=\"1117\" data-end=\"1160\">sombreros vueltiaos 19 vueltas original<\/strong> son piezas de alta gama, elaboradas cuidadosamente por artesanos zen\u00faes que han heredado su conocimiento por generaciones.<\/p>\n<p data-start=\"1285\" data-end=\"1347\">Un <strong data-start=\"1288\" data-end=\"1329\">sombrero vueltiao 19 vueltas original<\/strong> se distingue por:<\/p>\n<ul data-start=\"1349\" data-end=\"1558\">\n<li data-start=\"1349\" data-end=\"1387\">\n<p data-start=\"1351\" data-end=\"1387\">Su tejido fino, apretado y uniforme.<\/p>\n<\/li>\n<li data-start=\"1388\" data-end=\"1426\">\n<p data-start=\"1390\" data-end=\"1426\">Material 100% natural (ca\u00f1a flecha).<\/p>\n<\/li>\n<li data-start=\"1427\" data-end=\"1457\">\n<p data-start=\"1429\" data-end=\"1457\">Dise\u00f1os \u00fanicos y sim\u00e9tricos.<\/p>\n<\/li>\n<li data-start=\"1458\" data-end=\"1519\">\n<p data-start=\"1460\" data-end=\"1519\">Durabilidad superior (resisten sol, lluvia y manipulaci\u00f3n).<\/p>\n<\/li>\n<li data-start=\"1520\" data-end=\"1558\">\n<p data-start=\"1522\" data-end=\"1558\">Capacidad de enrollarse sin da\u00f1arse.<\/p>\n<\/li>\n<\/ul>\n<h2 data-start=\"1560\" data-end=\"1620\">\u00bfPor qu\u00e9 elegir un sombrero vueltiao 19 vueltas original?<\/h2>\n<p data-start=\"1622\" data-end=\"1766\">Comprar un <strong data-start=\"1633\" data-end=\"1674\">sombrero vueltiao 19 vueltas original<\/strong> es una inversi\u00f3n en calidad, autenticidad y cultura. Aqu\u00ed te damos 5 razones para elegirlo:<\/p>\n<ol data-start=\"1768\" data-end=\"2155\">\n<li data-start=\"1768\" data-end=\"1855\">\n<p data-start=\"1771\" data-end=\"1855\"><strong data-start=\"1771\" data-end=\"1793\">Identidad cultural<\/strong>: es un s\u00edmbolo de Colombia, reconocido a nivel internacional.<\/p>\n<\/li>\n<li data-start=\"1856\" data-end=\"1934\">\n<p data-start=\"1859\" data-end=\"1934\"><strong data-start=\"1859\" data-end=\"1875\">Hecho a mano<\/strong>: cada pieza es \u00fanica y lleva entre 8 y 15 d\u00edas de trabajo.<\/p>\n<\/li>\n<li data-start=\"1935\" data-end=\"2015\">\n<p data-start=\"1938\" data-end=\"2015\"><strong data-start=\"1938\" data-end=\"1954\">Alta calidad<\/strong>: m\u00e1s vueltas significa mayor detalle, firmeza y resistencia.<\/p>\n<\/li>\n<li data-start=\"2016\" data-end=\"2078\">\n<p data-start=\"2019\" data-end=\"2078\"><strong data-start=\"2019\" data-end=\"2032\">Comodidad<\/strong>: su material permite una ventilaci\u00f3n natural.<\/p>\n<\/li>\n<li data-start=\"2079\" data-end=\"2155\">\n<p data-start=\"2082\" data-end=\"2155\"><strong data-start=\"2082\" data-end=\"2102\">Estilo atemporal<\/strong>: combina con atuendos casuales, t\u00edpicos o elegantes.<\/p>\n<\/li>\n<\/ol>\n<h2 data-start=\"2157\" data-end=\"2216\">Lista de precios sombreros vueltiaos 19 vueltas original<\/h2>\n<p data-start=\"2218\" data-end=\"2378\">Ofrecemos <strong data-start=\"2228\" data-end=\"2271\">sombreros vueltiaos 19 vueltas original<\/strong> hechos por artesanos certificados, con env\u00edo a toda Colombia y el exterior. Aqu\u00ed nuestra lista de precios:<\/p>\n<div class=\"_tableContainer_16hzy_1\">\n<div class=\"_tableWrapper_16hzy_14 group flex w-fit flex-col-reverse\" tabindex=\"-1\">\n<table class=\"w-fit min-w-(--thread-content-width)\" data-start=\"2380\" data-end=\"3086\">\n<thead data-start=\"2380\" data-end=\"2473\">\n<tr data-start=\"2380\" data-end=\"2473\">\n<th data-start=\"2380\" data-end=\"2422\" data-col-size=\"md\">Producto<\/th>\n<th data-start=\"2422\" data-end=\"2443\" data-col-size=\"sm\">Precio en Colombia<\/th>\n<th data-start=\"2443\" data-end=\"2473\" data-col-size=\"sm\">Precio internacional (USD)<\/th>\n<\/tr>\n<\/thead>\n<tbody data-start=\"2569\" data-end=\"3086\">\n<tr data-start=\"2569\" data-end=\"2672\">\n<td data-start=\"2569\" data-end=\"2619\" data-col-size=\"md\">Sombrero vueltiao 19 vueltas original \u2013 Talla S<\/td>\n<td data-col-size=\"sm\" data-start=\"2619\" data-end=\"2641\">$180.000 COP<\/td>\n<td data-col-size=\"sm\" data-start=\"2641\" data-end=\"2672\">$58 USD<\/td>\n<\/tr>\n<tr data-start=\"2673\" data-end=\"2776\">\n<td data-start=\"2673\" data-end=\"2723\" data-col-size=\"md\">Sombrero vueltiao 19 vueltas original \u2013 Talla M<\/td>\n<td data-col-size=\"sm\" data-start=\"2723\" data-end=\"2745\">$190.000 COP<\/td>\n<td data-col-size=\"sm\" data-start=\"2745\" data-end=\"2776\">$62 USD<\/td>\n<\/tr>\n<tr data-start=\"2777\" data-end=\"2880\">\n<td data-start=\"2777\" data-end=\"2827\" data-col-size=\"md\">Sombrero vueltiao 19 vueltas original \u2013 Talla L<\/td>\n<td data-col-size=\"sm\" data-start=\"2827\" data-end=\"2849\">$200.000 COP<\/td>\n<td data-col-size=\"sm\" data-start=\"2849\" data-end=\"2880\">$65 USD<\/td>\n<\/tr>\n<tr data-start=\"2881\" data-end=\"2984\">\n<td data-start=\"2881\" data-end=\"2931\" data-col-size=\"md\">Sombrero vueltiao 19 vueltas original \u2013 Talla XL<\/td>\n<td data-col-size=\"sm\" data-start=\"2931\" data-end=\"2953\">$210.000 COP<\/td>\n<td data-col-size=\"sm\" data-start=\"2953\" data-end=\"2984\">$68 USD<\/td>\n<\/tr>\n<tr data-start=\"2985\" data-end=\"3086\">\n<td data-start=\"2985\" data-end=\"3034\" data-col-size=\"md\">Sombrero personalizado 19 vueltas original<\/td>\n<td data-col-size=\"sm\" data-start=\"3034\" data-end=\"3056\">Desde $230.000 COP<\/td>\n<td data-col-size=\"sm\" data-start=\"3056\" data-end=\"3086\">Desde $75 USD<\/td>\n<\/tr>\n<\/tbody>\n<\/table>\n<div class=\"sticky end-(--thread-content-margin) h-0 self-end select-none\">\n<div class=\"absolute end-0 flex items-end\"><\/div>\n<\/div>\n<\/div>\n<\/div>\n<p data-start=\"3088\" data-end=\"3100\"><strong data-start=\"3088\" data-end=\"3100\">Incluye:<\/strong><\/p>\n<ul data-start=\"3101\" data-end=\"3250\">\n<li data-start=\"3101\" data-end=\"3131\">\n<p data-start=\"3103\" data-end=\"3131\">Certificado de autenticidad.<\/p>\n<\/li>\n<li data-start=\"3132\" data-end=\"3161\">\n<p data-start=\"3134\" data-end=\"3161\">Empaque protector especial.<\/p>\n<\/li>\n<li data-start=\"3162\" data-end=\"3212\">\n<p data-start=\"3164\" data-end=\"3212\">Env\u00edo gratis a ciudades principales de Colombia.<\/p>\n<\/li>\n<li data-start=\"3213\" data-end=\"3250\">\n<p data-start=\"3215\" data-end=\"3250\">Descuento por compras al por mayor.<\/p>\n<\/li>\n<\/ul>\n<h2 data-start=\"3252\" data-end=\"3287\">Testimonios de nuestros clientes<\/h2>\n<blockquote data-start=\"3289\" data-end=\"3486\">\n<p data-start=\"3291\" data-end=\"3486\"><em data-start=\"3291\" data-end=\"3462\">\u201cCompr\u00e9 un sombrero vueltiao 19 vueltas original para un evento cultural en Europa y fue un \u00e9xito. Todo el mundo me pregunt\u00f3 por \u00e9l. Excelente calidad y hermoso dise\u00f1o.\u201d<\/em> \u2014 <strong data-start=\"3465\" data-end=\"3486\">Camilo R., Bogot\u00e1<\/strong><\/p>\n<\/blockquote>\n<blockquote data-start=\"3488\" data-end=\"3665\">\n<p data-start=\"3490\" data-end=\"3665\"><em data-start=\"3490\" data-end=\"3638\">\u201cSoy coleccionista de sombreros y el 19 vueltas que compr\u00e9 con ustedes es uno de los m\u00e1s finos que tengo. Se nota el trabajo manual y el cuidado.\u201d<\/em> \u2014 <strong data-start=\"3641\" data-end=\"3665\">Marcela T., Medell\u00edn<\/strong><\/p>\n<\/blockquote>\n<blockquote data-start=\"3667\" data-end=\"3831\">\n<p data-start=\"3669\" data-end=\"3831\"><em data-start=\"3669\" data-end=\"3805\">\u201cLa atenci\u00f3n fue excelente y el env\u00edo lleg\u00f3 en dos d\u00edas. El sombrero vueltiao 19 vueltas original que recib\u00ed super\u00f3 mis expectativas.\u201d<\/em> \u2014 <strong data-start=\"3808\" data-end=\"3831\">Juan David M., Cali<\/strong><\/p>\n<\/blockquote>\n<h2 data-start=\"3833\" data-end=\"3891\">\u00bfC\u00f3mo comprar tu sombrero vueltiao 19 vueltas original?<\/h2>\n<p data-start=\"3893\" data-end=\"4036\">Adquirir un <strong data-start=\"3905\" data-end=\"3946\">sombrero vueltiao 19 vueltas original<\/strong> con nosotros es f\u00e1cil, seguro y r\u00e1pido. Puedes hacer tu pedido de las siguientes maneras:<\/p>\n<h3 data-start=\"4038\" data-end=\"4062\">\ud83d\udcde Contacto directo:<\/h3>\n<ul data-start=\"4064\" data-end=\"4279\">\n<li data-start=\"4064\" data-end=\"4098\">\n<p data-start=\"4066\" data-end=\"4098\"><strong data-start=\"4066\" data-end=\"4078\">WhatsApp<\/strong>: +3152202303<\/p>\n<\/li>\n<li data-start=\"4099\" data-end=\"4134\">\n<p data-start=\"4101\" data-end=\"4134\"><strong data-start=\"4101\" data-end=\"4118\">Tel\u00e9fono : 3152202303<\/strong><\/p>\n<\/li>\n<li data-start=\"4135\" data-end=\"4194\">\n<p data-start=\"4137\" data-end=\"4194\"><strong data-start=\"4137\" data-end=\"4159\">Correo electr\u00f3nico<\/strong>:<\/p>\n<\/li>\n<li data-start=\"4195\" data-end=\"4279\">\n<p data-start=\"4197\" data-end=\"4279\"><strong data-start=\"4197\" data-end=\"4210\">Instagram<\/strong>:<\/p>\n<\/li>\n<\/ul>\n<h3 data-start=\"4281\" data-end=\"4304\">\ud83c\udf10 Compra en l\u00ednea:<\/h3>\n<p data-start=\"4306\" data-end=\"4420\">Visita nuestra tienda virtual en <a class=\"\" href=\"http:\/\/www.sombrerosvueltiaos19.com\" target=\"_new\" rel=\"noopener\" data-start=\"4339\" data-end=\"4406\">www.sombrerosvueltiaos19.com<\/a> donde podr\u00e1s:<\/p>\n<ul data-start=\"4422\" data-end=\"4573\">\n<li data-start=\"4422\" data-end=\"4460\">\n<p data-start=\"4424\" data-end=\"4460\">Ver fotos detalladas de cada modelo.<\/p>\n<\/li>\n<li data-start=\"4461\" data-end=\"4480\">\n<p data-start=\"4463\" data-end=\"4480\">Escoger tu talla.<\/p>\n<\/li>\n<li data-start=\"4481\" data-end=\"4508\">\n<p data-start=\"4483\" data-end=\"4508\">Personalizar tu sombrero.<\/p>\n<\/li>\n<li data-start=\"4509\" data-end=\"4573\">\n<p data-start=\"4511\" data-end=\"4573\">Pagar con tarjeta, PSE, Nequi o contra entrega (seg\u00fan ciudad).<\/p>\n<\/li>\n<\/ul>\n<h3 data-start=\"4575\" data-end=\"4589\">\ud83d\udce6 Env\u00edos:<\/h3>\n<ul data-start=\"4591\" data-end=\"4717\">\n<li data-start=\"4591\" data-end=\"4631\">\n<p data-start=\"4593\" data-end=\"4631\">Env\u00edos nacionales en 1-3 d\u00edas h\u00e1biles.<\/p>\n<\/li>\n<li data-start=\"4632\" data-end=\"4676\">\n<p data-start=\"4634\" data-end=\"4676\">Env\u00edos internacionales por DHL (5-7 d\u00edas).<\/p>\n<\/li>\n<li data-start=\"4677\" data-end=\"4717\">\n<p data-start=\"4679\" data-end=\"4717\">Seguimiento del pedido en tiempo real.<\/p>\n<\/li>\n<\/ul>\n<h2 data-start=\"4719\" data-end=\"4744\">Promociones especiales<\/h2>\n<p data-start=\"4746\" data-end=\"4935\">Este mes, por la compra de dos <strong data-start=\"4777\" data-end=\"4820\">sombreros vueltiaos 19 vueltas original<\/strong>, te damos un <strong data-start=\"4834\" data-end=\"4854\">10% de descuento<\/strong> y un <strong data-start=\"4860\" data-end=\"4888\">llavero artesanal gratis<\/strong>. Aplica solo en compras directas por WhatsApp.<\/p>\n<p data-start=\"4937\" data-end=\"5048\">Tambi\u00e9n ofrecemos descuentos al por mayor para tiendas, eventos culturales, festivales y regalos empresariales.<\/p>\n<p data-start=\"5065\" data-end=\"5299\">Un <strong data-start=\"5068\" data-end=\"5109\">sombrero vueltiao 19 vueltas original<\/strong> no es solo una prenda. Es un pedazo de historia, un homenaje a los pueblos ind\u00edgenas y una obra de arte tejida con paciencia, amor y tradici\u00f3n. Llevar uno es llevar a Colombia en la cabeza.<\/p>\n<p data-start=\"5301\" data-end=\"5527\">Ya sea para regalar, coleccionar o lucir con orgullo, los <strong data-start=\"5359\" data-end=\"5402\">sombreros vueltiaos 19 vueltas original<\/strong> son la mejor opci\u00f3n en estilo, autenticidad y durabilidad. \u00a1Haz tu pedido hoy y vive la experiencia del verdadero arte Zen\u00fa!<\/p>\n<p>&nbsp;<\/p>\n","protected":false},"excerpt":{"rendered":"<p><strong>Precio:<\/strong>\u00a0$ 230.000.\u00a0<strong>Garantia:\u00a0<\/strong>30 dias.<\/p>\n<p>Marcado y con cinturon.<\/p>\n<p><strong>Fabricado a Pedido:<\/strong>\u00a010 dias para para fabricarlo, marcalo y enviarlo.<\/p>\n<p><strong>Talla:<\/strong>\u00a058 cm: Peso:\u00a0<strong>0.10kg<\/strong>.<\/p>\n<p>&nbsp;<\/p>\n","protected":false},"featured_media":119,"comment_status":"open","ping_status":"closed","template":"","meta":{"_coblocks_attr":"","_coblocks_dimensions":"","_coblocks_responsive_height":"","_coblocks_accordion_ie_support":"","site-sidebar-layout":"default","site-content-layout":"default","ast-site-content-layout":"default","site-content-style":"default","site-sidebar-style":"default","ast-global-header-display":"","ast-banner-title-visibility":"","ast-main-header-display":"","ast-hfb-above-header-display":"","ast-hfb-below-header-display":"","ast-hfb-mobile-header-display":"","site-post-title":"","ast-breadcrumbs-content":"","ast-featured-img":"","footer-sml-layout":"","theme-transparent-header-meta":"default","adv-header-id-meta":"","stick-header-meta":"","header-above-stick-meta":"","header-main-stick-meta":"","header-below-stick-meta":"","astra-migrate-meta-layouts":"set","ast-page-background-enabled":"default","ast-page-background-meta":{"desktop":{"background-color":"var(--ast-global-color-4)","background-image":"","background-repeat":"repeat","background-position":"center center","background-size":"auto","background-attachment":"scroll","background-type":"","background-media":"","overlay-type":"","overlay-color":"","overlay-opacity":"","overlay-gradient":""},"tablet":{"background-color":"","background-image":"","background-repeat":"repeat","background-position":"center center","background-size":"auto","background-attachment":"scroll","background-type":"","background-media":"","overlay-type":"","overlay-color":"","overlay-opacity":"","overlay-gradient":""},"mobile":{"background-color":"","background-image":"","background-repeat":"repeat","background-position":"center center","background-size":"auto","background-attachment":"scroll","background-type":"","background-media":"","overlay-type":"","overlay-color":"","overlay-opacity":"","overlay-gradient":""}},"ast-content-background-meta":{"desktop":{"background-color":"var(--ast-global-color-5)","background-image":"","background-repeat":"repeat","background-position":"center center","background-size":"auto","background-attachment":"scroll","background-type":"","background-media":"","overlay-type":"","overlay-color":"","overlay-opacity":"","overlay-gradient":""},"tablet":{"background-color":"var(--ast-global-color-5)","background-image":"","background-repeat":"repeat","background-position":"center center","background-size":"auto","background-attachment":"scroll","background-type":"","background-media":"","overlay-type":"","overlay-color":"","overlay-opacity":"","overlay-gradient":""},"mobile":{"background-color":"var(--ast-global-color-5)","background-image":"","background-repeat":"repeat","background-position":"center center","background-size":"auto","background-attachment":"scroll","background-type":"","background-media":"","overlay-type":"","overlay-color":"","overlay-opacity":"","overlay-gradient":""}}},"product_cat":[16],"product_tag":[],"_links":{"self":[{"href":"https:\/\/www.tnocolombia.com\/artesanias\/wp-json\/wp\/v2\/product\/43"}],"collection":[{"href":"https:\/\/www.tnocolombia.com\/artesanias\/wp-json\/wp\/v2\/product"}],"about":[{"href":"https:\/\/www.tnocolombia.com\/artesanias\/wp-json\/wp\/v2\/types\/product"}],"replies":[{"embeddable":true,"href":"https:\/\/www.tnocolombia.com\/artesanias\/wp-json\/wp\/v2\/comments?post=43"}],"wp:featuredmedia":[{"embeddable":true,"href":"https:\/\/www.tnocolombia.com\/artesanias\/wp-json\/wp\/v2\/media\/119"}],"wp:attachment":[{"href":"https:\/\/www.tnocolombia.com\/artesanias\/wp-json\/wp\/v2\/media?parent=43"}],"wp:term":[{"taxonomy":"product_cat","embeddable":true,"href":"https:\/\/www.tnocolombia.com\/artesanias\/wp-json\/wp\/v2\/product_cat?post=43"},{"taxonomy":"product_tag","embeddable":true,"href":"https:\/\/www.tnocolombia.com\/artesanias\/wp-json\/wp\/v2\/product_tag?post=43"}],"curies":[{"name":"wp","href":"https:\/\/api.w.org\/{rel}","templated":true}]}}