{"id":56,"date":"2023-04-19T03:46:17","date_gmt":"2023-04-19T03:46:17","guid":{"rendered":"https:\/\/www.tnocolombia.com\/artesanias\/?post_type=product&#038;p=56"},"modified":"2024-06-17T14:05:10","modified_gmt":"2024-06-17T14:05:10","slug":"21vueltasvueltastradicional","status":"publish","type":"product","link":"https:\/\/www.tnocolombia.com\/artesanias\/producto\/21vueltasvueltastradicional\/","title":{"rendered":"Sombrero vueltiao 21 vueltas tradicional"},"content":{"rendered":"<p>Garantizamos la calidad de todos los sombreros vueltiaos, que ofrecemos para la venta y se conviertan en utilidades hacia nuestros clientes emprendedores, todos los que ofrecemos son originales en los modelos 19 vueltas que hace la diferencia cuando una persona se coloca un sombrero vueltiao y adem\u00e1s nuestros precios son directamente de fabricas.<\/p>\n<p>Enviamos del Sombrero Vueltiao foto, para que los clientes tengan una idea del sombrero que le van a recibir y tengan una clara visi\u00f3n de sombrero que va recibir y de esta forma tenga un parte de tranquilidad por el precio del sombrero vueltiao que pago. Tenemos los mejore precios de los sombrero vueltiao que en cualquier tienda, ya que somos grandes fabricante del sombrero vueltiao original de Tuchin, la cuna donde est\u00e1n los talleres artesanales para su fabricaci\u00f3n.<\/p>\n","protected":false},"excerpt":{"rendered":"<p><strong>Precio:<\/strong>\u00a0$\u00a0<strong>230.000<\/strong>:\u00a0<strong>Garantia:\u00a0<\/strong>30 dias.<\/p>\n<p><strong>Personalizado:<\/strong>\u00a0Marcado con nombre del cliente, mas cinturon.<\/p>\n<p><strong>Tiempo envio:<\/strong>\u00a01 dia para marcalo y enviarlo.<\/p>\n<p><strong>Talla:<\/strong>\u00a058 cm: Peso:\u00a0<strong>0.10kg<\/strong>.<\/p>\n<p><strong>15 fibras<\/strong>:<\/p>\n<p>Adquiere el aut\u00e9ntico Sombrero Vueltiao tradicional 21 vueltas, s\u00edmbolo de la rica cultura colombiana. Hecho a mano por artesanos zen\u00faes, este sombrero destaca por su dise\u00f1o intrincado y su material de ca\u00f1a flecha, que asegura durabilidad y comodidad. Cada vuelta representa horas de dedicaci\u00f3n y tradici\u00f3n transmitida de generaci\u00f3n en generaci\u00f3n.<\/p>\n","protected":false},"featured_media":123,"comment_status":"open","ping_status":"closed","template":"","meta":{"_coblocks_attr":"","_coblocks_dimensions":"","_coblocks_responsive_height":"","_coblocks_accordion_ie_support":"","site-sidebar-layout":"default","site-content-layout":"default","ast-site-content-layout":"default","site-content-style":"default","site-sidebar-style":"default","ast-global-header-display":"","ast-banner-title-visibility":"","ast-main-header-display":"","ast-hfb-above-header-display":"","ast-hfb-below-header-display":"","ast-hfb-mobile-header-display":"","site-post-title":"","ast-breadcrumbs-content":"","ast-featured-img":"","footer-sml-layout":"","theme-transparent-header-meta":"default","adv-header-id-meta":"","stick-header-meta":"","header-above-stick-meta":"","header-main-stick-meta":"","header-below-stick-meta":"","astra-migrate-meta-layouts":"set","ast-page-background-enabled":"default","ast-page-background-meta":{"desktop":{"background-color":"var(--ast-global-color-4)","background-image":"","background-repeat":"repeat","background-position":"center center","background-size":"auto","background-attachment":"scroll","background-type":"","background-media":"","overlay-type":"","overlay-color":"","overlay-opacity":"","overlay-gradient":""},"tablet":{"background-color":"","background-image":"","background-repeat":"repeat","background-position":"center center","background-size":"auto","background-attachment":"scroll","background-type":"","background-media":"","overlay-type":"","overlay-color":"","overlay-opacity":"","overlay-gradient":""},"mobile":{"background-color":"","background-image":"","background-repeat":"repeat","background-position":"center center","background-size":"auto","background-attachment":"scroll","background-type":"","background-media":"","overlay-type":"","overlay-color":"","overlay-opacity":"","overlay-gradient":""}},"ast-content-background-meta":{"desktop":{"background-color":"var(--ast-global-color-5)","background-image":"","background-repeat":"repeat","background-position":"center center","background-size":"auto","background-attachment":"scroll","background-type":"","background-media":"","overlay-type":"","overlay-color":"","overlay-opacity":"","overlay-gradient":""},"tablet":{"background-color":"var(--ast-global-color-5)","background-image":"","background-repeat":"repeat","background-position":"center center","background-size":"auto","background-attachment":"scroll","background-type":"","background-media":"","overlay-type":"","overlay-color":"","overlay-opacity":"","overlay-gradient":""},"mobile":{"background-color":"var(--ast-global-color-5)","background-image":"","background-repeat":"repeat","background-position":"center center","background-size":"auto","background-attachment":"scroll","background-type":"","background-media":"","overlay-type":"","overlay-color":"","overlay-opacity":"","overlay-gradient":""}}},"product_cat":[16],"product_tag":[],"_links":{"self":[{"href":"https:\/\/www.tnocolombia.com\/artesanias\/wp-json\/wp\/v2\/product\/56"}],"collection":[{"href":"https:\/\/www.tnocolombia.com\/artesanias\/wp-json\/wp\/v2\/product"}],"about":[{"href":"https:\/\/www.tnocolombia.com\/artesanias\/wp-json\/wp\/v2\/types\/product"}],"replies":[{"embeddable":true,"href":"https:\/\/www.tnocolombia.com\/artesanias\/wp-json\/wp\/v2\/comments?post=56"}],"wp:featuredmedia":[{"embeddable":true,"href":"https:\/\/www.tnocolombia.com\/artesanias\/wp-json\/wp\/v2\/media\/123"}],"wp:attachment":[{"href":"https:\/\/www.tnocolombia.com\/artesanias\/wp-json\/wp\/v2\/media?parent=56"}],"wp:term":[{"taxonomy":"product_cat","embeddable":true,"href":"https:\/\/www.tnocolombia.com\/artesanias\/wp-json\/wp\/v2\/product_cat?post=56"},{"taxonomy":"product_tag","embeddable":true,"href":"https:\/\/www.tnocolombia.com\/artesanias\/wp-json\/wp\/v2\/product_tag?post=56"}],"curies":[{"name":"wp","href":"https:\/\/api.w.org\/{rel}","templated":true}]}}