{"id":95,"date":"2023-04-20T19:56:21","date_gmt":"2023-04-20T19:56:21","guid":{"rendered":"https:\/\/www.tnocolombia.com\/artesanias\/?post_type=product&#038;p=95"},"modified":"2024-06-17T03:30:36","modified_gmt":"2024-06-17T03:30:36","slug":"estuchetricolor","status":"publish","type":"product","link":"https:\/\/www.tnocolombia.com\/artesanias\/producto\/estuchetricolor\/","title":{"rendered":"Estuche sombrero vueltiao tricolor"},"content":{"rendered":"","protected":false},"excerpt":{"rendered":"<p><strong>Precio:<\/strong>\u00a0$\u00a0<strong>60.000<\/strong>.\u00a0<strong>Garantia:\u00a0<\/strong>30 dias.<\/p>\n<p><strong>Fabricado a Pedido:<\/strong>\u00a03 dias para para fabricarlo y enviarlo.<\/p>\n<p><strong>Fabricado en ca\u00f1a flecha.<\/strong><\/p>\n<p>Ofrecemos los estuches para proteger los sombreros vueltiao, del maltrato y evitar el prematuro deterioro de los sombreros finos como el 19 , 21 y 23 vueltas con precios especiales.\u00a0 Estos estuches son fabricado con el mismo material de ca\u00f1a flecha. Tuchin C\u00f3rdoba, donde los ind\u00edgenas, siempre est\u00e1n innovando en busca de mejorar los productos derivados de la ca\u00f1a flecha.<\/p>\n","protected":false},"featured_media":124,"comment_status":"open","ping_status":"closed","template":"","meta":{"_coblocks_attr":"","_coblocks_dimensions":"","_coblocks_responsive_height":"","_coblocks_accordion_ie_support":"","site-sidebar-layout":"default","site-content-layout":"default","ast-site-content-layout":"default","site-content-style":"default","site-sidebar-style":"default","ast-global-header-display":"","ast-banner-title-visibility":"","ast-main-header-display":"","ast-hfb-above-header-display":"","ast-hfb-below-header-display":"","ast-hfb-mobile-header-display":"","site-post-title":"","ast-breadcrumbs-content":"","ast-featured-img":"","footer-sml-layout":"","theme-transparent-header-meta":"default","adv-header-id-meta":"","stick-header-meta":"","header-above-stick-meta":"","header-main-stick-meta":"","header-below-stick-meta":"","astra-migrate-meta-layouts":"set","ast-page-background-enabled":"default","ast-page-background-meta":{"desktop":{"background-color":"var(--ast-global-color-4)","background-image":"","background-repeat":"repeat","background-position":"center center","background-size":"auto","background-attachment":"scroll","background-type":"","background-media":"","overlay-type":"","overlay-color":"","overlay-opacity":"","overlay-gradient":""},"tablet":{"background-color":"","background-image":"","background-repeat":"repeat","background-position":"center center","background-size":"auto","background-attachment":"scroll","background-type":"","background-media":"","overlay-type":"","overlay-color":"","overlay-opacity":"","overlay-gradient":""},"mobile":{"background-color":"","background-image":"","background-repeat":"repeat","background-position":"center center","background-size":"auto","background-attachment":"scroll","background-type":"","background-media":"","overlay-type":"","overlay-color":"","overlay-opacity":"","overlay-gradient":""}},"ast-content-background-meta":{"desktop":{"background-color":"var(--ast-global-color-5)","background-image":"","background-repeat":"repeat","background-position":"center center","background-size":"auto","background-attachment":"scroll","background-type":"","background-media":"","overlay-type":"","overlay-color":"","overlay-opacity":"","overlay-gradient":""},"tablet":{"background-color":"var(--ast-global-color-5)","background-image":"","background-repeat":"repeat","background-position":"center center","background-size":"auto","background-attachment":"scroll","background-type":"","background-media":"","overlay-type":"","overlay-color":"","overlay-opacity":"","overlay-gradient":""},"mobile":{"background-color":"var(--ast-global-color-5)","background-image":"","background-repeat":"repeat","background-position":"center center","background-size":"auto","background-attachment":"scroll","background-type":"","background-media":"","overlay-type":"","overlay-color":"","overlay-opacity":"","overlay-gradient":""}}},"product_cat":[19],"product_tag":[],"_links":{"self":[{"href":"https:\/\/www.tnocolombia.com\/artesanias\/wp-json\/wp\/v2\/product\/95"}],"collection":[{"href":"https:\/\/www.tnocolombia.com\/artesanias\/wp-json\/wp\/v2\/product"}],"about":[{"href":"https:\/\/www.tnocolombia.com\/artesanias\/wp-json\/wp\/v2\/types\/product"}],"replies":[{"embeddable":true,"href":"https:\/\/www.tnocolombia.com\/artesanias\/wp-json\/wp\/v2\/comments?post=95"}],"wp:featuredmedia":[{"embeddable":true,"href":"https:\/\/www.tnocolombia.com\/artesanias\/wp-json\/wp\/v2\/media\/124"}],"wp:attachment":[{"href":"https:\/\/www.tnocolombia.com\/artesanias\/wp-json\/wp\/v2\/media?parent=95"}],"wp:term":[{"taxonomy":"product_cat","embeddable":true,"href":"https:\/\/www.tnocolombia.com\/artesanias\/wp-json\/wp\/v2\/product_cat?post=95"},{"taxonomy":"product_tag","embeddable":true,"href":"https:\/\/www.tnocolombia.com\/artesanias\/wp-json\/wp\/v2\/product_tag?post=95"}],"curies":[{"name":"wp","href":"https:\/\/api.w.org\/{rel}","templated":true}]}}